{"id":2,"date":"2025-05-19T10:32:06","date_gmt":"2025-05-19T08:32:06","guid":{"rendered":"https:\/\/lapharmacie-lyon.fr\/?page_id=2"},"modified":"2025-05-19T19:15:19","modified_gmt":"2025-05-19T17:15:19","slug":"page-d-exemple","status":"publish","type":"page","link":"https:\/\/lapharmacie-lyon.fr\/","title":{"rendered":"Pharmacie \u00e0 Lyon"},"content":{"rendered":"<p style=\"text-align: center;\"><strong>16, rue de la Barre<\/strong><br \/>\n<strong>69002 Lyon<\/strong><\/p>\n<p style=\"text-align: center;\"><a href=\"tel:0478377871\">T\u00e9l. : 04 78 37 78 71<\/a><\/p>\n<h3 class=\"has-text-align-center\" style=\"text-align: center;\">Horaires d\u2019ouverture de la pharmacie :<\/h3>\n<p class=\"has-text-align-center\" style=\"text-align: center;\">Lundi 08:45 \u2013 19:30<br \/>\nMardi 08:45 \u2013 19:30<br \/>\nMercredi 08:45 \u2013 19:30<br \/>\nJeudi 08:45 \u2013 19:30<br \/>\nVendredi 08:45 \u2013 19:30<br \/>\nSamedi 10:00 \u2013 19:00<br \/>\nDimanche Ferm\u00e9<\/p>\n<p style=\"text-align: center;\">Une \u00e9quipe de pharmaciens \u00e0 Lyon centre 69002.<br \/>\n<br \/>Acc\u00e8s facile via TCL, arr\u00eat Metro Bellecour.<\/p>\n","protected":false},"excerpt":{"rendered":"<p>16, rue de la Barre 69002 Lyon T\u00e9l. : 04 78 37 78 71 Horaires d\u2019ouverture de la pharmacie : Lundi 08:45 \u2013 19:30 Mardi 08:45 \u2013 19:30 Mercredi 08:45 \u2013 19:30 Jeudi 08:45 \u2013 19:30 Vendredi 08:45 \u2013 19:30 Samedi 10:00 \u2013 19:00 Dimanche Ferm\u00e9 Une \u00e9quipe de pharmaciens \u00e0 Lyon centre 69002. Acc\u00e8s [&hellip;]<\/p>\n","protected":false},"author":1,"featured_media":0,"parent":0,"menu_order":0,"comment_status":"closed","ping_status":"open","template":"","meta":{"footnotes":""},"class_list":["post-2","page","type-page","status-publish","hentry"],"_links":{"self":[{"href":"https:\/\/lapharmacie-lyon.fr\/index.php?rest_route=\/wp\/v2\/pages\/2","targetHints":{"allow":["GET"]}}],"collection":[{"href":"https:\/\/lapharmacie-lyon.fr\/index.php?rest_route=\/wp\/v2\/pages"}],"about":[{"href":"https:\/\/lapharmacie-lyon.fr\/index.php?rest_route=\/wp\/v2\/types\/page"}],"author":[{"embeddable":true,"href":"https:\/\/lapharmacie-lyon.fr\/index.php?rest_route=\/wp\/v2\/users\/1"}],"replies":[{"embeddable":true,"href":"https:\/\/lapharmacie-lyon.fr\/index.php?rest_route=%2Fwp%2Fv2%2Fcomments&post=2"}],"version-history":[{"count":32,"href":"https:\/\/lapharmacie-lyon.fr\/index.php?rest_route=\/wp\/v2\/pages\/2\/revisions"}],"predecessor-version":[{"id":69,"href":"https:\/\/lapharmacie-lyon.fr\/index.php?rest_route=\/wp\/v2\/pages\/2\/revisions\/69"}],"wp:attachment":[{"href":"https:\/\/lapharmacie-lyon.fr\/index.php?rest_route=%2Fwp%2Fv2%2Fmedia&parent=2"}],"curies":[{"name":"wp","href":"https:\/\/api.w.org\/{rel}","templated":true}]}}